{"id":52,"date":"2021-02-10T10:56:41","date_gmt":"2021-02-10T10:56:41","guid":{"rendered":"https:\/\/www.soundlab.es\/?page_id=52"},"modified":"2021-02-11T12:41:16","modified_gmt":"2021-02-11T12:41:16","slug":"quienes-somos","status":"publish","type":"page","link":"https:\/\/www.soundlab.es\/index.php\/quienes-somos\/","title":{"rendered":"Qui\u00e9nes somos"},"content":{"rendered":"<p>[et_pb_section fb_built=\u00bb1&#8243; admin_label=\u00bbHero\u00bb _builder_version=\u00bb4.8.2&#8243; background_enable_color=\u00bboff\u00bb background_enable_image=\u00bboff\u00bb parallax=\u00bbon\u00bb custom_padding=\u00bb0px|||||\u00bb][et_pb_row column_structure=\u00bb1_2,1_2&#8243; use_custom_gutter=\u00bbon\u00bb gutter_width=\u00bb1&#8243; module_class=\u00bb et_pb_row_fullwidth\u00bb _builder_version=\u00bb4.8.2&#8243; background_color=\u00bb#f2f2f2&#8243; width_tablet=\u00bb100%\u00bb width_phone=\u00bb\u00bb width_last_edited=\u00bbon|desktop\u00bb max_width=\u00bb100%\u00bb max_width_tablet=\u00bb100%\u00bb max_width_phone=\u00bb\u00bb max_width_last_edited=\u00bbon|desktop\u00bb custom_margin=\u00bb40px||||false|false\u00bb custom_padding=\u00bb0px||||false|false\u00bb make_fullwidth=\u00bbon\u00bb][et_pb_column type=\u00bb1_2&#8243; _builder_version=\u00bb4.8.2&#8243; background_position=\u00bbtop_left\u00bb custom_padding=\u00bb|||\u00bb custom_padding__hover=\u00bb|||\u00bb][et_pb_image src=\u00bbhttps:\/\/www.soundlab.es\/wp-content\/uploads\/2021\/02\/IMG_20181022_101044-1-scaled.jpg\u00bb title_text=\u00bbIMG_20181022_101044&#8243; show_bottom_space=\u00bboff\u00bb force_fullwidth=\u00bbon\u00bb align_tablet=\u00bbcenter\u00bb align_phone=\u00bb\u00bb align_last_edited=\u00bbon|desktop\u00bb disabled_on=\u00bbon|on|off\u00bb _builder_version=\u00bb4.8.2&#8243; custom_margin=\u00bb|||\u00bb animation_direction=\u00bb%22fade_in%22&#8243; animation=\u00bbfade_in\u00bb][\/et_pb_image][\/et_pb_column][et_pb_column type=\u00bb1_2&#8243; _builder_version=\u00bb4.8.2&#8243; background_position=\u00bbtop_left\u00bb custom_padding=\u00bb|6%||6%|false|true\u00bb custom_padding__hover=\u00bb|||\u00bb][et_pb_text admin_label=\u00bbHero Title\u00bb _builder_version=\u00bb4.8.2&#8243; text_font=\u00bb||||\u00bb text_text_color=\u00bb#1a1a1a\u00bb header_font=\u00bbPoppins|700||on|||||\u00bb header_text_align=\u00bbleft\u00bb header_text_color=\u00bb#212121&#8243; header_font_size=\u00bb45px\u00bb header_line_height=\u00bb1.3em\u00bb background_layout=\u00bbdark\u00bb max_width=\u00bb450px\u00bb custom_margin=\u00bb76px||||false|false\u00bb custom_padding=\u00bb|||\u00bb animation_style=\u00bbslide\u00bb animation_direction=\u00bbtop\u00bb animation_intensity_slide=\u00bb10%\u00bb locked=\u00bboff\u00bb]<\/p>\n<h1>Qui\u00e9nes somos<\/h1>\n<p>[\/et_pb_text][et_pb_divider color=\u00bb#ed4441&#8243; divider_position=\u00bbcenter\u00bb divider_weight=\u00bb3px\u00bb disabled_on=\u00bbon|on|off%22&#8243; _builder_version=\u00bb4.8.2&#8243; max_width=\u00bb150px\u00bb height=\u00bbfalse\u00bb custom_margin=\u00bb30px|||\u00bb animation_style=\u00bbslide\u00bb animation_direction=\u00bbtop\u00bb animation_delay=\u00bb100ms\u00bb animation_intensity_slide=\u00bb10%\u00bb locked=\u00bboff\u00bb][\/et_pb_divider][et_pb_text admin_label=\u00bbHero Sub Title\u00bb _builder_version=\u00bb4.8.2&#8243; text_font=\u00bbOpen Sans||||||||\u00bb text_text_color=\u00bb#303030&#8243; text_font_size=\u00bb19px\u00bb text_line_height=\u00bb1.4em\u00bb background_size=\u00bbinitial\u00bb background_position=\u00bbtop_left\u00bb background_repeat=\u00bbrepeat\u00bb background_layout=\u00bbdark\u00bb max_width=\u00bb450px\u00bb custom_padding=\u00bb30px|||\u00bb animation_style=\u00bbslide\u00bb animation_direction=\u00bbtop\u00bb animation_delay=\u00bb200ms\u00bb animation_intensity_slide=\u00bb10%\u00bb locked=\u00bboff\u00bb]<\/p>\n<p>SOUNDLAB, es el departamento de la empresa APLING Ac\u00fastica-Insonorizaci\u00f3n, S.L.U. encargado del laboratorio de mediciones ac\u00fasticas y vibraciones.<\/p>\n<p>[\/et_pb_text][et_pb_text admin_label=\u00bbHero Text\u00bb _builder_version=\u00bb4.8.2&#8243; text_font=\u00bbOpen Sans||||||||\u00bb text_text_color=\u00bb#303030&#8243; text_font_size=\u00bb16px\u00bb text_line_height=\u00bb1.9em\u00bb background_size=\u00bbinitial\u00bb background_position=\u00bbtop_left\u00bb background_repeat=\u00bbrepeat\u00bb background_layout=\u00bbdark\u00bb max_width=\u00bb450px\u00bb custom_margin=\u00bb30px||||false|false\u00bb custom_margin_tablet=\u00bb30px||40px||false|false\u00bb custom_margin_phone=\u00bb\u00bb custom_margin_last_edited=\u00bbon|phone\u00bb custom_padding=\u00bb||||false|false\u00bb animation_style=\u00bbslide\u00bb animation_direction=\u00bbtop\u00bb animation_delay=\u00bb400ms\u00bb animation_intensity_slide=\u00bb4%\u00bb locked=\u00bboff\u00bb]<\/p>\n<p>Se trata de un laboratorio de mediciones ac\u00fasticas \u201cin situ\u201d con un \u00e1mbito de aplicaci\u00f3n extensivo a los sectores de la industria, la construcci\u00f3n, la hosteler\u00eda, los servicios y el ocio o entretenimiento.<\/p>\n<p>[\/et_pb_text][\/et_pb_column][\/et_pb_row][\/et_pb_section][et_pb_section fb_built=\u00bb1&#8243; custom_padding_last_edited=\u00bbon|phone\u00bb _builder_version=\u00bb4.8.2&#8243; custom_margin_tablet=\u00bb\u00bb custom_margin_phone=\u00bb||-20px||false|false\u00bb custom_margin_last_edited=\u00bbon|phone\u00bb custom_padding=\u00bb110px||0px|||\u00bb custom_padding_tablet=\u00bb0px||0px||false|false\u00bb custom_padding_phone=\u00bb\u00bb][et_pb_row column_structure=\u00bb1_5,3_5,1_5&#8243; _builder_version=\u00bb4.8.2&#8243; _module_preset=\u00bbdefault\u00bb width=\u00bb100%\u00bb max_width=\u00bb1200px\u00bb][et_pb_column type=\u00bb1_5&#8243; _builder_version=\u00bb4.8.2&#8243; _module_preset=\u00bbdefault\u00bb][\/et_pb_column][et_pb_column type=\u00bb3_5&#8243; _builder_version=\u00bb4.8.2&#8243; _module_preset=\u00bbdefault\u00bb][et_pb_text _builder_version=\u00bb4.8.2&#8243; _module_preset=\u00bbdefault\u00bb text_font=\u00bbPoppins|700|||||||\u00bb text_text_color=\u00bb#212121&#8243; text_font_size=\u00bb45px\u00bb text_orientation=\u00bbcenter\u00bb]<\/p>\n<p>CALIDAD<\/p>\n<p>[\/et_pb_text][et_pb_divider color=\u00bb#ed4441&#8243; divider_weight=\u00bb3px\u00bb _builder_version=\u00bb4.8.2&#8243; _module_preset=\u00bbdefault\u00bb width=\u00bb14%\u00bb module_alignment=\u00bbcenter\u00bb custom_margin=\u00bb||||false|false\u00bb custom_padding=\u00bb30px||||false|false\u00bb][\/et_pb_divider][et_pb_text _builder_version=\u00bb4.8.2&#8243; _module_preset=\u00bbdefault\u00bb text_font=\u00bbOpen Sans||||||||\u00bb text_text_color=\u00bb#303030&#8243; text_line_height=\u00bb1.6em\u00bb custom_margin_tablet=\u00bb|50px|-50px|50px|false|true\u00bb custom_margin_phone=\u00bb|40px|-50px|40px|false|true\u00bb custom_margin_last_edited=\u00bbon|desktop\u00bb custom_padding_tablet=\u00bb\u00bb custom_padding_phone=\u00bb||||false|false\u00bb custom_padding_last_edited=\u00bbon|phone\u00bb]<\/p>\n<p>El laboratorio de mediciones ac\u00fasticas dispone de un Sistema de Gesti\u00f3n de Calidad acreditado por\u00a0ENAC\u00a0(acreditaci\u00f3n 638\/LE1299) conforme a los criterios recogidos en la norma UNE-EN ISO\/IEC 17025:2005 que garantiza la competencia t\u00e9cnica del laboratorio y los resultados de los ensayos bajo acreditaci\u00f3n. El alcance de acreditaci\u00f3n incluye:<\/p>\n<ul>\n<li>Muestreo espacial y temporal y medida de los niveles de Ruido Ambiental en actividades seg\u00fan el Anexo IV del Real Decreto 1367\/2007 de 19 de octubre.<\/li>\n<li>Medida del aislamiento ac\u00fastico al ruido a\u00e9reo entre locales (UNE-EN ISO 140-4:1999).<\/li>\n<\/ul>\n<p><a href=\"https:\/\/www.soundlab.es\/wp-content\/uploads\/2016\/01\/Acreditacion-ENAC.pdf\"><strong>Alcance de la acreditaci\u00f3n<\/strong><\/a><\/p>\n<p>Adem\u00e1s el laboratorio est\u00e1 habilitado por la\u00a0Direcci\u00f3 General de Qualitat Ambiental\u00a0de la Generalitat de Catalunya como\u00a0Entitat de prevenci\u00f3 de la contaminaci\u00f3 ac\u00fastica\u00a0(EPCA) por reconocimiento tipo C para el campo de actuaci\u00f3n de control de niveles sonoros en actividades e infraestructuras (NS) con el c\u00f3digo EPCA-023-15-R.<\/p>\n<p>Finalmente dispone de la acreditaci\u00f3n L0600251 como Laboratorio de Ensayo para el Control de Calidad de la Edificaci\u00f3n (LEcce) en aislamiento al ruido a\u00e9reo y en ruido ambiental.<\/p>\n<p>Es una empresa asociada al Colegio de Ingenieros.<\/p>\n<p>[\/et_pb_text][\/et_pb_column][et_pb_column type=\u00bb1_5&#8243; _builder_version=\u00bb4.8.2&#8243; _module_preset=\u00bbdefault\u00bb][\/et_pb_column][\/et_pb_row][et_pb_row column_structure=\u00bb1_4,1_4,1_4,1_4&#8243; _builder_version=\u00bb4.8.2&#8243; _module_preset=\u00bbdefault\u00bb][et_pb_column type=\u00bb1_4&#8243; _builder_version=\u00bb4.8.2&#8243; _module_preset=\u00bbdefault\u00bb][et_pb_image src=\u00bbhttps:\/\/www.soundlab.es\/wp-content\/uploads\/2021\/02\/1.png\u00bb title_text=\u00bb1&#8243; _builder_version=\u00bb4.8.2&#8243; _module_preset=\u00bbdefault\u00bb][\/et_pb_image][\/et_pb_column][et_pb_column type=\u00bb1_4&#8243; _builder_version=\u00bb4.8.2&#8243; _module_preset=\u00bbdefault\u00bb][et_pb_image src=\u00bbhttps:\/\/www.soundlab.es\/wp-content\/uploads\/2021\/02\/3.png\u00bb title_text=\u00bb3&#8243; _builder_version=\u00bb4.8.2&#8243; _module_preset=\u00bbdefault\u00bb][\/et_pb_image][\/et_pb_column][et_pb_column type=\u00bb1_4&#8243; _builder_version=\u00bb4.8.2&#8243; _module_preset=\u00bbdefault\u00bb][et_pb_image src=\u00bbhttps:\/\/www.soundlab.es\/wp-content\/uploads\/2021\/02\/2.png\u00bb title_text=\u00bb2&#8243; _builder_version=\u00bb4.8.2&#8243; _module_preset=\u00bbdefault\u00bb][\/et_pb_image][\/et_pb_column][et_pb_column type=\u00bb1_4&#8243; _builder_version=\u00bb4.8.2&#8243; _module_preset=\u00bbdefault\u00bb][et_pb_image src=\u00bbhttps:\/\/www.soundlab.es\/wp-content\/uploads\/2021\/02\/4.png\u00bb title_text=\u00bb4&#8243; _builder_version=\u00bb4.8.2&#8243; _module_preset=\u00bbdefault\u00bb][\/et_pb_image][\/et_pb_column][\/et_pb_row][\/et_pb_section][et_pb_section fb_built=\u00bb1&#8243; admin_label=\u00bbHero\u00bb _builder_version=\u00bb4.8.2&#8243; background_enable_color=\u00bboff\u00bb background_enable_image=\u00bboff\u00bb parallax=\u00bbon\u00bb custom_margin=\u00bb||100px||false|false\u00bb custom_margin_tablet=\u00bb\u00bb custom_margin_phone=\u00bb\u00bb custom_margin_last_edited=\u00bbon|phone\u00bb custom_padding=\u00bb0px||||false|false\u00bb][et_pb_row column_structure=\u00bb1_2,1_2&#8243; use_custom_gutter=\u00bbon\u00bb gutter_width=\u00bb1&#8243; module_class=\u00bb et_pb_row_fullwidth\u00bb _builder_version=\u00bb4.8.2&#8243; background_enable_color=\u00bboff\u00bb width_tablet=\u00bb100%\u00bb width_phone=\u00bb\u00bb width_last_edited=\u00bbon|desktop\u00bb max_width=\u00bb100%\u00bb max_width_tablet=\u00bb100%\u00bb max_width_phone=\u00bb\u00bb max_width_last_edited=\u00bbon|desktop\u00bb custom_margin=\u00bb||||false|false\u00bb custom_padding=\u00bb||||false|false\u00bb make_fullwidth=\u00bbon\u00bb][et_pb_column type=\u00bb1_2&#8243; _builder_version=\u00bb4.8.2&#8243; background_position=\u00bbtop_left\u00bb custom_padding=\u00bb|||\u00bb custom_padding__hover=\u00bb|||\u00bb][et_pb_text admin_label=\u00bbHero Title\u00bb _builder_version=\u00bb4.8.2&#8243; text_font=\u00bb||||\u00bb text_text_color=\u00bb#1a1a1a\u00bb header_font=\u00bbPoppins|700||on|||||\u00bb header_text_align=\u00bbleft\u00bb header_text_color=\u00bb#212121&#8243; header_font_size=\u00bb45px\u00bb header_line_height=\u00bb1.3em\u00bb background_layout=\u00bbdark\u00bb max_width=\u00bb450px\u00bb custom_margin=\u00bb50px||||false|false\u00bb custom_margin_tablet=\u00bb50px|50px||50px|false|true\u00bb custom_margin_phone=\u00bb|40px||40px|false|true\u00bb custom_margin_last_edited=\u00bbon|phone\u00bb custom_padding=\u00bb|||\u00bb animation_style=\u00bbslide\u00bb animation_direction=\u00bbtop\u00bb animation_intensity_slide=\u00bb10%\u00bb header_text_align_tablet=\u00bbleft\u00bb header_text_align_phone=\u00bb\u00bb header_text_align_last_edited=\u00bbon|tablet\u00bb locked=\u00bboff\u00bb]<\/p>\n<h1>Garant\u00eda<\/h1>\n<p>[\/et_pb_text][et_pb_divider color=\u00bb#ed4441&#8243; divider_position=\u00bbcenter\u00bb divider_weight=\u00bb3px\u00bb disabled_on=\u00bbon|on|off%22&#8243; _builder_version=\u00bb4.8.2&#8243; max_width=\u00bb150px\u00bb height=\u00bbfalse\u00bb custom_margin=\u00bb30px|||\u00bb custom_margin_tablet=\u00bb30px|50px||50px|false|true\u00bb custom_margin_phone=\u00bb|40px||40px|false|true\u00bb custom_margin_last_edited=\u00bbon|phone\u00bb animation_style=\u00bbslide\u00bb animation_direction=\u00bbtop\u00bb animation_delay=\u00bb100ms\u00bb animation_intensity_slide=\u00bb10%\u00bb locked=\u00bboff\u00bb][\/et_pb_divider][et_pb_text admin_label=\u00bbHero Text\u00bb _builder_version=\u00bb4.8.2&#8243; text_font=\u00bbOpen Sans||||||||\u00bb text_text_color=\u00bb#303030&#8243; text_font_size=\u00bb16px\u00bb text_line_height=\u00bb1.9em\u00bb background_size=\u00bbinitial\u00bb background_position=\u00bbtop_left\u00bb background_repeat=\u00bbrepeat\u00bb background_layout=\u00bbdark\u00bb max_width=\u00bb450px\u00bb custom_margin=\u00bb30px||||false|false\u00bb custom_margin_tablet=\u00bb30px|50px||50px|false|true\u00bb custom_margin_phone=\u00bb|40px||40px|false|true\u00bb custom_margin_last_edited=\u00bbon|phone\u00bb custom_padding=\u00bb||||false|false\u00bb animation_style=\u00bbslide\u00bb animation_direction=\u00bbtop\u00bb animation_delay=\u00bb400ms\u00bb animation_intensity_slide=\u00bb4%\u00bb locked=\u00bboff\u00bb]<\/p>\n<p>Nuestro laboratorio est\u00e1 formado por un equipo altamente cualificado y con una s\u00f3lida formaci\u00f3n ac\u00fastica.<\/p>\n<p>Disponemos de instrumentos de medici\u00f3n homologados, para ofrecer precisi\u00f3n y calidad en los resultados de los ensayos realizados y as\u00ed, garantizar la satisfacci\u00f3n de nuestros clientes.<\/p>\n<p>[\/et_pb_text][et_pb_text admin_label=\u00bbHero Text\u00bb _builder_version=\u00bb4.8.2&#8243; text_font=\u00bbOpen Sans||||||||\u00bb text_text_color=\u00bb#303030&#8243; text_line_height=\u00bb1.9em\u00bb background_size=\u00bbinitial\u00bb background_position=\u00bbtop_left\u00bb background_repeat=\u00bbrepeat\u00bb background_layout=\u00bbdark\u00bb max_width=\u00bb450px\u00bb custom_margin=\u00bb15px||||false|false\u00bb custom_margin_tablet=\u00bb15px|50px||50px|false|true\u00bb custom_margin_phone=\u00bb|40px||40px|false|true\u00bb custom_margin_last_edited=\u00bbon|phone\u00bb custom_padding=\u00bb||||false|false\u00bb animation_style=\u00bbslide\u00bb animation_direction=\u00bbtop\u00bb animation_delay=\u00bb400ms\u00bb animation_intensity_slide=\u00bb4%\u00bb locked=\u00bboff\u00bb]<\/p>\n<ul>\n<li>Son\u00f3metros de clase I (Cesva SC-310 y 01 dB SOLO).<\/li>\n<li>Calibradores de clase I (Cesva CB-05 y Rion NC-74).<\/li>\n<li>Fuente de emisi\u00f3n dodeca\u00e9drica Cesva FP-012.<\/li>\n<li>Generador de ruido Cesva AP-600.<\/li>\n<li>Estaci\u00f3n meteorol\u00f3gica Geos Skywatch 11.<\/li>\n<li>Anem\u00f3metro Kanomax A004.<\/li>\n<li>M\u00e1quina de impactos Retec RI-069.<\/li>\n<li>Aceler\u00f3metro Cesva AC005.<\/li>\n<li>Ecualizador Behringer DEQ1024.<\/li>\n<\/ul>\n<p>[\/et_pb_text][\/et_pb_column][et_pb_column type=\u00bb1_2&#8243; _builder_version=\u00bb4.8.2&#8243; background_position=\u00bbtop_left\u00bb custom_padding=\u00bb|6%||6%|false|true\u00bb custom_padding__hover=\u00bb|||\u00bb][et_pb_image src=\u00bbhttps:\/\/www.soundlab.es\/wp-content\/uploads\/2021\/02\/2331-2.jpg\u00bb title_text=\u00bb2331-2&#8243; show_bottom_space=\u00bboff\u00bb force_fullwidth=\u00bbon\u00bb align_tablet=\u00bbcenter\u00bb align_phone=\u00bb\u00bb align_last_edited=\u00bbon|desktop\u00bb disabled_on=\u00bbon|on|off\u00bb _builder_version=\u00bb4.8.2&#8243; custom_margin=\u00bb28%||||false|false\u00bb custom_margin_tablet=\u00bb0%||||false|false\u00bb custom_margin_phone=\u00bb\u00bb custom_margin_last_edited=\u00bbon|desktop\u00bb animation_direction=\u00bb%22fade_in%22&#8243; animation=\u00bbfade_in\u00bb][\/et_pb_image][\/et_pb_column][\/et_pb_row][\/et_pb_section][et_pb_section fb_built=\u00bb1&#8243; custom_padding_last_edited=\u00bbon|tablet\u00bb admin_label=\u00bbOffer\u00bb _builder_version=\u00bb4.8.2&#8243; background_color=\u00bbrgba(0,0,0,0.5)\u00bb background_image=\u00bbhttps:\/\/www.soundlab.es\/wp-content\/uploads\/2021\/02\/DSC_0129.jpg\u00bb background_blend=\u00bbcolor\u00bb custom_padding=\u00bb120px||120px|\u00bb custom_padding_tablet=\u00bb80px||80px|\u00bb custom_padding_phone=\u00bb\u00bb locked=\u00bboff\u00bb][et_pb_row _builder_version=\u00bb3.25&#8243; custom_margin=\u00bb|||\u00bb][et_pb_column type=\u00bb4_4&#8243; _builder_version=\u00bb3.25&#8243; custom_padding=\u00bb|||\u00bb custom_padding__hover=\u00bb|||\u00bb][et_pb_text admin_label=\u00bbCTA Section Subtitle\u00bb _builder_version=\u00bb4.8.2&#8243; text_font=\u00bbOpen Sans|300||on|||||\u00bb text_font_size=\u00bb24px\u00bb text_letter_spacing=\u00bb4px\u00bb text_orientation=\u00bbcenter\u00bb background_layout=\u00bbdark\u00bb module_alignment=\u00bbcenter\u00bb animation_style=\u00bbzoom\u00bb animation_intensity_zoom=\u00bb20%\u00bb]<\/p>\n<p>laboratorio ac\u00fastico<\/p>\n<p>[\/et_pb_text][et_pb_text admin_label=\u00bbCTA Section Title\u00bb _builder_version=\u00bb4.8.2&#8243; text_font=\u00bb||||\u00bb header_font=\u00bbPoppins|300|||||||\u00bb header_text_align=\u00bbcenter\u00bb header_font_size=\u00bb55px\u00bb header_line_height=\u00bb1.3em\u00bb background_size=\u00bbinitial\u00bb background_position=\u00bbtop_left\u00bb background_repeat=\u00bbrepeat\u00bb background_layout=\u00bbdark\u00bb module_alignment=\u00bbcenter\u00bb custom_margin=\u00bb|||\u00bb custom_padding=\u00bb|||\u00bb animation_style=\u00bbzoom\u00bb animation_delay=\u00bb100ms\u00bb animation_intensity_zoom=\u00bb20%\u00bb header_font_size_tablet=\u00bb50px\u00bb header_font_size_phone=\u00bb35px\u00bb header_font_size_last_edited=\u00bbon|phone\u00bb locked=\u00bboff\u00bb]<\/p>\n<h1>Te <strong>asesoramos<\/strong> <br \/>sin compromiso<\/h1>\n<p>[\/et_pb_text][et_pb_button button_text=\u00bbCONTACTO\u00bb button_alignment=\u00bbcenter\u00bb _builder_version=\u00bb4.8.2&#8243; _module_preset=\u00bbdefault\u00bb custom_button=\u00bbon\u00bb button_text_size=\u00bb14px\u00bb button_text_color=\u00bb#FFFFFF\u00bb button_bg_color=\u00bb#d32e12&#8243; button_border_width=\u00bb0px\u00bb button_border_radius=\u00bb0px\u00bb button_letter_spacing=\u00bb1px\u00bb button_font=\u00bbPoppins|600|||||||\u00bb custom_padding=\u00bb15px|30px|15px|30px|true|true\u00bb hover_enabled=\u00bb0&#8243; button_url=\u00bbhttps:\/\/www.soundlab.es\/index.php\/solicitud-de-oferta\/\u00bb url_new_window=\u00bbon\u00bb sticky_enabled=\u00bb0&#8243;][\/et_pb_button][\/et_pb_column][\/et_pb_row][\/et_pb_section]<\/p>\n","protected":false},"excerpt":{"rendered":"<p>[et_pb_section fb_built=\u00bb1&#8243; admin_label=\u00bbHero\u00bb _builder_version=\u00bb4.8.2&#8243; background_enable_color=\u00bboff\u00bb background_enable_image=\u00bboff\u00bb parallax=\u00bbon\u00bb custom_padding=\u00bb0px|||||\u00bb][et_pb_row column_structure=\u00bb1_2,1_2&#8243; use_custom_gutter=\u00bbon\u00bb gutter_width=\u00bb1&#8243; module_class=\u00bb et_pb_row_fullwidth\u00bb _builder_version=\u00bb4.8.2&#8243; background_color=\u00bb#f2f2f2&#8243; width_tablet=\u00bb100%\u00bb width_phone=\u00bb\u00bb width_last_edited=\u00bbon|desktop\u00bb max_width=\u00bb100%\u00bb max_width_tablet=\u00bb100%\u00bb max_width_phone=\u00bb\u00bb max_width_last_edited=\u00bbon|desktop\u00bb custom_margin=\u00bb40px||||false|false\u00bb custom_padding=\u00bb0px||||false|false\u00bb make_fullwidth=\u00bbon\u00bb][et_pb_column type=\u00bb1_2&#8243; _builder_version=\u00bb4.8.2&#8243; background_position=\u00bbtop_left\u00bb custom_padding=\u00bb|||\u00bb custom_padding__hover=\u00bb|||\u00bb][et_pb_image src=\u00bbhttps:\/\/www.soundlab.es\/wp-content\/uploads\/2021\/02\/IMG_20181022_101044-1-scaled.jpg\u00bb title_text=\u00bbIMG_20181022_101044&#8243; show_bottom_space=\u00bboff\u00bb force_fullwidth=\u00bbon\u00bb align_tablet=\u00bbcenter\u00bb align_phone=\u00bb\u00bb align_last_edited=\u00bbon|desktop\u00bb disabled_on=\u00bbon|on|off\u00bb _builder_version=\u00bb4.8.2&#8243; custom_margin=\u00bb|||\u00bb animation_direction=\u00bb%22fade_in%22&#8243; animation=\u00bbfade_in\u00bb][\/et_pb_image][\/et_pb_column][et_pb_column type=\u00bb1_2&#8243; _builder_version=\u00bb4.8.2&#8243; background_position=\u00bbtop_left\u00bb custom_padding=\u00bb|6%||6%|false|true\u00bb custom_padding__hover=\u00bb|||\u00bb][et_pb_text admin_label=\u00bbHero Title\u00bb _builder_version=\u00bb4.8.2&#8243; text_font=\u00bb||||\u00bb text_text_color=\u00bb#1a1a1a\u00bb header_font=\u00bbPoppins|700||on|||||\u00bb header_text_align=\u00bbleft\u00bb header_text_color=\u00bb#212121&#8243; [&hellip;]<\/p>\n","protected":false},"author":1,"featured_media":0,"parent":0,"menu_order":0,"comment_status":"closed","ping_status":"closed","template":"","meta":{"_et_pb_use_builder":"on","_et_pb_old_content":"","_et_gb_content_width":""},"_links":{"self":[{"href":"https:\/\/www.soundlab.es\/index.php\/wp-json\/wp\/v2\/pages\/52"}],"collection":[{"href":"https:\/\/www.soundlab.es\/index.php\/wp-json\/wp\/v2\/pages"}],"about":[{"href":"https:\/\/www.soundlab.es\/index.php\/wp-json\/wp\/v2\/types\/page"}],"author":[{"embeddable":true,"href":"https:\/\/www.soundlab.es\/index.php\/wp-json\/wp\/v2\/users\/1"}],"replies":[{"embeddable":true,"href":"https:\/\/www.soundlab.es\/index.php\/wp-json\/wp\/v2\/comments?post=52"}],"version-history":[{"count":14,"href":"https:\/\/www.soundlab.es\/index.php\/wp-json\/wp\/v2\/pages\/52\/revisions"}],"predecessor-version":[{"id":274,"href":"https:\/\/www.soundlab.es\/index.php\/wp-json\/wp\/v2\/pages\/52\/revisions\/274"}],"wp:attachment":[{"href":"https:\/\/www.soundlab.es\/index.php\/wp-json\/wp\/v2\/media?parent=52"}],"curies":[{"name":"wp","href":"https:\/\/api.w.org\/{rel}","templated":true}]}}