{"id":272,"date":"2021-02-11T12:33:21","date_gmt":"2021-02-11T12:33:21","guid":{"rendered":"https:\/\/www.soundlab.es\/?page_id=272"},"modified":"2021-02-11T12:33:21","modified_gmt":"2021-02-11T12:33:21","slug":"politica-de-cookies","status":"publish","type":"page","link":"https:\/\/www.soundlab.es\/index.php\/politica-de-cookies\/","title":{"rendered":"Pol\u00edtica de Cookies"},"content":{"rendered":"<p><strong>(Seg\u00fan Ley Org\u00e1nica de Protecci\u00f3n de Datos de Car\u00e1cter Personal (LOPD) 15\/1999 de 13 de diciembre)<\/strong><\/p>\n<p>Este sitio, al igual que la mayor\u00eda de sitios en Internet, usa cookies propias y de terceros para mejorar el uso por parte del usuario. A continuaci\u00f3n publicamos unas informaciones b\u00e1sicas sobre las cookies, tales como qu\u00e9 son, los tipos o c\u00f3mo desactivarlas.<\/p>\n<p><strong>\u00bfQu\u00e9 son las cookies?<\/strong><\/p>\n<p>Las cookies son peque\u00f1os archivos que algunas p\u00e1ginas web pueden instalar en su ordenador, smartphone, tableta o aparato electr\u00f3nico cuando las visite. Sus funciones pueden ser m\u00faltiples: almacenar las preferencias de navegaci\u00f3n, recopilar informaci\u00f3n estad\u00edstica, favorecer la interrelaci\u00f3n, activar funcionalidades, etc\u00e9tera. En ocasiones, las cookies se utilizan para almacenar informaci\u00f3n b\u00e1sica sobre los h\u00e1bitos de navegaci\u00f3n del usuario o de su equipo, hasta el punto, seg\u00fan los casos, de poderlo reconocer.<\/p>\n<p><strong>\u00bfPor qu\u00e9 son \u00fatiles?<\/strong><\/p>\n<p>La utilidad de las cookies abarca m\u00faltiples aspectos de la navegaci\u00f3n. Desde un punto de vista del usuario, permiten que las p\u00e1ginas web funcionen de forma m\u00e1s \u00e1gil y adaptada a sus preferencias, como por ejemplo almacenar el idioma o la moneda de su pa\u00eds. Desde un punto de vista de los responsables del sitio web, los ayuda a mejorar los servicios que ofrecen, gracias a la informaci\u00f3n estad\u00edstica que recogen a trav\u00e9s de ellas.<\/p>\n<p><strong>Tipos de cookies<\/strong><\/p>\n<p>Hay varios tipos de cookies, y cada uno de ellos puede tener una funcionalidad espec\u00edfica o m\u00faltiple. Nuestra p\u00e1gina instala principalmente los tipos que se especifican a continuaci\u00f3n, aunque existen otros tipos.<\/p>\n<p><strong>Cookies de mejora del rendimiento\u2026<\/strong><\/p>\n<p>Este tipo de cookies almacena sus preferencias para no volver a configurarlas en una siguiente visita. Para aportar un ejemplo concreto, en el comercio electr\u00f3nico permiten mantener informaci\u00f3n sobre su cesta de la compra.<\/p>\n<p><strong>Cookies de an\u00e1lisis estad\u00edstico\u2026<\/strong><\/p>\n<p>Son aquellas que, bien sean tratadas por nosotros o por terceros, permiten cuantificar el n\u00famero de visitantes y analizar estad\u00edsticamente la utilizaci\u00f3n que hacen los usuarios de nuestros servicios. Gracias a ello podemos estudiar la navegaci\u00f3n por nuestra p\u00e1gina web y mejorar los servicios que ofrecemos.<\/p>\n<p><strong>Cookies de geolocalizaci\u00f3n\u2026<\/strong><\/p>\n<p>Estas cookies son usadas por programas que intentan localizar geogr\u00e1ficamente la situaci\u00f3n del ordenador, smartphone, tableta o aparato que se conecte a la web para que, de manera totalmente an\u00f3nima, se puedan ofrecer contenidos y servicios m\u00e1s adecuados territorialmente.<\/p>\n<p><strong>Cookies de registro\u2026<\/strong><\/p>\n<p>Cuando un visitante se registra en nuestro portal, se generan cookies que lo identifican como usuario registrado en la misma visita. Estas cookies se mantienen mientras usted no abandone la cuenta, cierre el navegador o apague el dispositivo, y tambi\u00e9n pueden ser utilizadas en combinaci\u00f3n con datos anal\u00edticos para identificar de manera individual sus preferencias en nuestro portal.<\/p>\n<p><strong>Cookies publicitarias\u2026<\/strong><\/p>\n<p>Son aquellas que, bien sean tratadas por nosotros o por terceros, permiten gestionar eficazmente los espacios publicitarios de nuestro sitio web, adecuando el contenido del anuncio al contenido del servicio solicitado o al uso que realice de nuestra p\u00e1gina web. Gracias a ella se pueden conocer los h\u00e1bitos de navegaci\u00f3n en internet y mostrar publicidad relacionada con su perfil de navegaci\u00f3n.<\/p>\n<p><strong>Otras cookies de terceros\u2026<\/strong><\/p>\n<p>En algunas de nuestras p\u00e1ginas se pueden instalar cookies de terceros que permitan gestionar y mejorar los servicios que \u00e9stos ofrecen. Un ejemplo de este uso son los enlaces a las redes sociales que permiten compartir nuestros contenidos. Otro ejemplo se refiere a Google Analytics, que las utiliza para contabilizar cu\u00e1ntas personas visitan nuestras p\u00e1ginas web.<\/p>\n<p><strong>\u00bfPuedo configurar mis preferencias?<\/strong><\/p>\n<p>Es posible permitir, bloquear o eliminar las cookies instaladas en su equipo mediante la configuraci\u00f3n de las opciones de su navegador de internet. De bloquearlas, es posible que ciertos servicios que necesitan su uso no est\u00e9n disponibles o no funcionen correctamente.<\/p>\n<p>Debido a que cada navegador tiene sos caracter\u00edsticas respecto a la gesti\u00f3n de las cookies, proponemos a continuaci\u00f3n los enlaces a los principales navegadores donde se pueden encontrar dichas especificaciones:<\/p>\n<ul>\n<li><a href=\"http:\/\/support.google.com\/chrome\/bin\/answer.py?hl=es&amp;answer=95647\"><strong>Google Chrome<\/strong><\/a>= http:\/\/support.google.com\/chrome\/bin\/answer.py?hl=es&amp;answer=95647<\/li>\n<li><a href=\"http:\/\/support.mozilla.org\/es\/kb\/cookies-informacion-que-los-sitios-web-guardan-en-?redirectlocale=en-US&amp;redirectslug=Cookies\"><strong>Mozilla Firefox<\/strong><\/a>= http:\/\/support.mozilla.org\/es\/kb\/cookies-informacion-que-los-sitios-web-guardan-en-?redirectlocale=en-US&amp;redirectslug=Cookies<\/li>\n<li><a href=\"http:\/\/support.microsoft.com\/kb\/196955\/es\"><strong>Internet Explorer<\/strong><\/a>=\u00a0<a href=\"http:\/\/support.microsoft.com\/kb\/196955\/es\">http:\/\/support.microsoft.com\/kb\/196955\/es<\/a><\/li>\n<li><a href=\"http:\/\/www.maxthon.es\/caracteristicas.html\"><strong>Maxthon<\/strong><\/a>= http:\/\/www.maxthon.es\/caracteristicas.html<\/li>\n<li><a href=\"http:\/\/www.lavanguardia.com\/cookiesSafari.html\"><strong>Safari<\/strong><\/a>= http:\/\/www.lavanguardia.com\/cookiesSafari.html<\/li>\n<li><a href=\"http:\/\/support.apple.com\/kb\/HT1677?viewlocale=es_ES\"><strong>Safari para IOS (iPhone, iPad)<\/strong><\/a>= http:\/\/support.apple.com\/kb\/HT1677?viewlocale=es_ES<\/li>\n<li><a href=\"http:\/\/www.macromedia.com\/support\/documentation\/es\/flashplayer\/help\/settings_manager07.html\"><strong>Cookies Flash<\/strong><\/a>= http:\/\/www.macromedia.com\/support\/documentation\/es\/flashplayer\/help\/settings_manager07.html<\/li>\n<\/ul>\n<p>&nbsp;<\/p>\n<p><strong>Necesito m\u00e1s informaciones<\/strong><\/p>\n<p>Para m\u00e1s informaci\u00f3n sobre las cookies, incluyendo como ver qu\u00e9 cookies se han instalado en su aparato y c\u00f3mo gestionarlas o suprimirlas, visite\u00a0<a href=\"http:\/\/www.allaboutcookies.org\/\">www.allaboutcookies.org<\/a>,\u00a0<a href=\"http:\/\/www.youronlinechoices.eu\/\">www.youronlinechoices.eu<\/a>,\u00a0<a href=\"http:\/\/www.youronlinechoices.com\/es\/\">www.youronlinechoices.com<\/a>\u00a0donde, adem\u00e1s de encontrar informaci\u00f3n \u00fatil, podr\u00e1 consultar y configurar, proveedor por proveedor, sus preferencias sobre las cookies publicitarias de terceros.<\/p>\n<p><strong>\u00bfActualizamos nuestra Pol\u00edtica de Cookies?<\/strong><\/p>\n<p>Es posible que actualicemos la Pol\u00edtica de Cookies de nuestro Sitio Web, por ello le recomendamos revisar esta pol\u00edtica cada vez que nos visite con el objetivo de estar adecuadamente informado sobre c\u00f3mo y para qu\u00e9 usamos las cookies. La Pol\u00edtica de Cookies se actualiz\u00f3 por \u00faltima vez 4 de mayo de 2018.<\/p>\n<p>Si desea ponerse en contacto con nosotros respecto nuestra pol\u00edtica de cookies, puede hacerlo.<\/p>\n<p>APLING no se hace responsable del contenido, correspondencia y veracidad de las pol\u00edticas de privacidad de los terceros incluyendo en \u00e9stas la pol\u00edtica de cookies.<\/p>\n<p>&nbsp;<\/p>\n<p>&nbsp;<\/p>\n","protected":false},"excerpt":{"rendered":"<p>(Seg\u00fan Ley Org\u00e1nica de Protecci\u00f3n de Datos de Car\u00e1cter Personal (LOPD) 15\/1999 de 13 de diciembre) Este sitio, al igual que la mayor\u00eda de sitios en Internet, usa cookies propias y de terceros para mejorar el uso por parte del usuario. A continuaci\u00f3n publicamos unas informaciones b\u00e1sicas sobre las cookies, tales como qu\u00e9 son, los [&hellip;]<\/p>\n","protected":false},"author":1,"featured_media":0,"parent":0,"menu_order":0,"comment_status":"closed","ping_status":"closed","template":"","meta":{"_et_pb_use_builder":"","_et_pb_old_content":"","_et_gb_content_width":""},"_links":{"self":[{"href":"https:\/\/www.soundlab.es\/index.php\/wp-json\/wp\/v2\/pages\/272"}],"collection":[{"href":"https:\/\/www.soundlab.es\/index.php\/wp-json\/wp\/v2\/pages"}],"about":[{"href":"https:\/\/www.soundlab.es\/index.php\/wp-json\/wp\/v2\/types\/page"}],"author":[{"embeddable":true,"href":"https:\/\/www.soundlab.es\/index.php\/wp-json\/wp\/v2\/users\/1"}],"replies":[{"embeddable":true,"href":"https:\/\/www.soundlab.es\/index.php\/wp-json\/wp\/v2\/comments?post=272"}],"version-history":[{"count":1,"href":"https:\/\/www.soundlab.es\/index.php\/wp-json\/wp\/v2\/pages\/272\/revisions"}],"predecessor-version":[{"id":273,"href":"https:\/\/www.soundlab.es\/index.php\/wp-json\/wp\/v2\/pages\/272\/revisions\/273"}],"wp:attachment":[{"href":"https:\/\/www.soundlab.es\/index.php\/wp-json\/wp\/v2\/media?parent=272"}],"curies":[{"name":"wp","href":"https:\/\/api.w.org\/{rel}","templated":true}]}}