{"id":261,"date":"2021-02-11T12:14:43","date_gmt":"2021-02-11T12:14:43","guid":{"rendered":"https:\/\/www.soundlab.es\/?page_id=261"},"modified":"2021-02-11T12:14:43","modified_gmt":"2021-02-11T12:14:43","slug":"politica-de-privacidad","status":"publish","type":"page","link":"https:\/\/www.soundlab.es\/index.php\/politica-de-privacidad\/","title":{"rendered":"Pol\u00edtica de Privacidad"},"content":{"rendered":"<p><a href=\"http:\/\/www.apling.es\/\">www.soundlab.es<\/a>\u00a0es un dominio de Internet registrado por APLING AC\u00daSTICA E INSONORIZACION S.L. (en adelante APLING), N.I.F. B-60413499, inscrita en el Reg. Mercantil de Barcelona, Tomo 3162, Folio 0188, Hoja 209026, con domicilio administrativo en la C \/ Loreto 17 Local G C.P. 08029, Barcelona.<\/p>\n<p>La utilizaci\u00f3n por el usuario de los servicios contenidos en la WEB de APLING implica la aceptaci\u00f3n expresa de todas y cada una de las siguientes:<\/p>\n<p>Condiciones Generales de uso de la WEB:\u00a0<a href=\"https:\/\/www.soundlab.es\/\">https:\/\/www.soundlab.es<\/a>:<\/p>\n<ol>\n<li><strong>CAPACIDAD LEGAL:<\/strong><\/li>\n<\/ol>\n<p>El usuario declara que es mayor de edad (mayor de 18 a\u00f1os) y dispone de capacidad legal necesaria para contratar los Productos y Servicios ofertados en la WEB de APLING, manifestando asimismo que acepta la vinculaci\u00f3n a este acuerdo y entiende, y acepta en su totalidad las condiciones aqu\u00ed enunciadas para utilizar esta WEB y\/o contratar los Productos y Servicios ofertados.<\/p>\n<ol start=\"2\">\n<li><strong>ACCESO:<\/strong><\/li>\n<\/ol>\n<p>Al contratar el usuario los Productos y Servicios de APLING, se le otorgar\u00e1 un nombre de usuario y una contrase\u00f1a elegidos por APLING. APLING no se hace responsable del mal uso de las contrase\u00f1as que el usuario pueda realizar en la p\u00e1gina WEB\u00a0<a href=\"http:\/\/www.apling.es\/\">www.soundlab.es<\/a>. Es responsabilidad del usuario custodiar debidamente las claves y contrase\u00f1as que se suministren para el acceso como cliente registrado, impidiendo el uso indebido o acceso por parte de terceros.<\/p>\n<ol start=\"3\">\n<li><strong>EL USUARIO:<\/strong><\/li>\n<\/ol>\n<p>Que haya contratado o que contrate los diferentes Productos y Servicios que ofrece APLING deber\u00e1 registrarse como cliente, a cuyos efectos declara que toda la informaci\u00f3n suministrada a la hora de registrarse es verdadera, completa y precisa:<\/p>\n<ul>\n<li>El usuario de www.soundlab.es garantiza y responde siempre de la veracidad, exactitud, vigencia y autenticidad de los Datos de Car\u00e1cter Personal, en adelante los\u00a0<strong>DATOS,<\/strong>facilitados, y se compromete a mantenerlos debidamente actualizados.<\/li>\n<li>El usuario autoriza expresamente la comunicaci\u00f3n de los DATOS a terceros cuando resulte necesaria para la adecuada prestaci\u00f3n de los Productos y Servicios ofrecidos por APLING y requeridos por los usuarios.<\/li>\n<li>El usuario da su consentimiento expreso para recibir comunicaciones electr\u00f3nicas con publicidad y novedades comerciales de APLING y de los diferentes Productos y Servicios comercializados o promocionados por APLING.<\/li>\n<\/ul>\n<ol start=\"4\">\n<li><strong>SOUNDLAB:<\/strong><\/li>\n<\/ol>\n<p>De conformidad con la Ley Org\u00e1nica 15\/1999 de Protecci\u00f3n de Datos de Car\u00e1cter Personal, en adelante la LOPD, los DATOS enviados por el usuario a trav\u00e9s de\u00a0<a href=\"http:\/\/www.apling.es\/\">www.soundlab.es<\/a>, ser\u00e1n tratados por APLING de forma automatizada y ser\u00e1n incorporados a un fichero con la finalidad de poderle ofrecer y gestionar los Productos y Servicios de APLING:<\/p>\n<ul>\n<li>Dicho fichero se encuentra registrado o dado de alta ante la Agencia Espa\u00f1ola de Protecci\u00f3n de Datos y se indica que su Responsable es la sociedad mercantil APLING con domicilio administrativo en la C \/ Loreto CP 08029 Barcelona, e-mail: a p l i n g \u201carroba\u201d a p l i n g.es.<\/li>\n<li>Los titulares de los DATOS tienen en todo momento el derecho de acceder al fichero, pudiendo ejercitar los derechos de rectificaci\u00f3n, cancelaci\u00f3n y oposici\u00f3n en los t\u00e9rminos recogidos en la legislaci\u00f3n de protecci\u00f3n de datos.<\/li>\n<li>Del mismo modo, el consentimiento del usuario para el tratamiento y cesi\u00f3n de sus datos personales ser\u00e1 revocable en todo momento sin efectos retroactivos, conforme a lo que disponen los art\u00edculos 6 y 11 de la Ley Org\u00e1nica 15\/1999, de 13 de diciembre de Protecci\u00f3n de Datos de Car\u00e1cter Personal.<\/li>\n<li>Para los fines contenidos en la presente cl\u00e1usula bastar\u00e1 con contactar con APLING a trav\u00e9s del correo electr\u00f3nico a p l i n g \u201carroba\u201d a p l i n g.es, o bien, escribiendo a su domicilio administrativo sito en la C \/ Loreto 17 local G, C\u00f3digo Postal 08029, Barcelona, Espa\u00f1a.<\/li>\n<li>APLING garantiza que ha adoptado las medidas de seguridad necesarias en sus instalaciones, sistemas, servidores y ficheros para evitar el acceso a los DATOS de personas no autorizadas.<\/li>\n<li>Sin perjuicio de lo anterior dichos DATOS podr\u00e1n ser revelados a las autoridades p\u00fablicas solo en el supuesto de que las mismas as\u00ed lo requiriesen de conformidad con las disposiciones legales y reglamentos aplicables al caso.<\/li>\n<\/ul>\n<ol start=\"5\">\n<li><strong>USO DE LA P\u00c1GINA\u00a0<\/strong><strong>DE APLING:<\/strong><\/li>\n<\/ol>\n<ul>\n<li>La utilizaci\u00f3n de la p\u00e1gina\u00a0y\/o de los Productos y Servicios de APLING, supondr\u00e1 la aceptaci\u00f3n plena y la validez, de todas y cada de las Condiciones Generales contenidas en la \u00faltima versi\u00f3n de las Condiciones Generales por lo que el usuario deber\u00e1 ser consciente de la importancia de leerlas cada vez que visite\u00a0<a href=\"http:\/\/www.apling.es\/\">www.soundlab.es<\/a>.<\/li>\n<li>APLING podr\u00e1 modificar unilateralmente, en cualquier momento y sin previo aviso, estas Condiciones Generales as\u00ed como los Producto y Servicios prestados o cualquier otro aspecto sustancial o no de la presente p\u00e1gina, o las condiciones de operatividad, t\u00e9cnicas y de uso de los servicios de.<\/li>\n<li>Del mismo modo, los usuarios, con objeto de mejorar el servicio y establecer un \u00f3ptimo nivel de calidad, objetivo \u00faltimo de APLING, podr\u00e1n sugerir aquellas modificaciones que ellos estimen \u00fatiles, poni\u00e9ndose en contacto con los responsables de la p\u00e1gina a trav\u00e9s de la direcci\u00f3n de correo electr\u00f3nico.<\/li>\n<li>El usuario se compromete a utilizar la p\u00e1gina\u00a0y aquellos Productos y Servicios puestos a su disposici\u00f3n a trav\u00e9s de la misma, de manera acorde a la ley, las buenas costumbres y el orden p\u00fablico, as\u00ed como con lo dispuesto en las presentes Condiciones Generales. En consecuencia, queda obligado a no utilizar la p\u00e1gina\u00a0<a href=\"http:\/\/www.apling.es\/\">www.soundlab.es<\/a>\u00a0o los Productos y Servicios ofrecidos, con fines o efectos il\u00edcitos y\/o contrarios a lo establecido en las presentes Condiciones Generales, o lesivos de derechos y\/o intereses de terceros o que, de cualquier forma, puedan da\u00f1ar la p\u00e1gina\u00a0<a href=\"http:\/\/www.apling.es\/\">www.soundlab.es<\/a>\u00a0o impedir su normal uso, o de los Productos y Servicios accesibles a trav\u00e9s de las misma, o por el resto de los usuarios, o por APLING y\/o que afecten o pudiesen afectar la imagen de APLING.<\/li>\n<li>Los usuarios de\u00a0deber\u00e1n observar cualquier instrucci\u00f3n que, a trav\u00e9s de e-mail, a p l i n g \u201carroba\u201d a p l i n g.es o, su personal, debidamente autorizado, imparta.<\/li>\n<li>El usuario acepta todas y cada una de las obligaciones o prohibiciones que en cada momento imponga la legislaci\u00f3n en vigor en relaci\u00f3n a la exclusi\u00f3n o limitaci\u00f3n de responsabilidad del profesional en el cumplimiento del servicio.<\/li>\n<\/ul>\n<ol start=\"6\">\n<li><strong>LOS SERVICIOS DE APLING:<\/strong><\/li>\n<\/ol>\n<p>No est\u00e1n destinados a menores y no solicita ni recoge informaci\u00f3n relativa a personas menores de edad.<\/p>\n<ol start=\"7\">\n<li><strong>MOTIVOS DE EXCLUSI\u00d3N:<\/strong><\/li>\n<\/ol>\n<p>APLING se reserva el derecho de excluir, temporal o definitivamente al usuario en cualquiera de los siguientes supuestos:<\/p>\n<ul>\n<li>Por incumplimiento de cualquiera de las Condiciones Generales de Uso establecidos en el presente documento.<\/li>\n<li>Por incumplimiento de las leyes, las buenas costumbres, y el Orden p\u00fablico.<\/li>\n<li>Por incumplimiento de cualquier otra obligaci\u00f3n que tuviese el usuario con APLING. La exclusi\u00f3n del usuario no supondr\u00e1 la renuncia de APLING a realizar las acciones legales correspondientes o las indemnizaciones que en derecho correspondan.<\/li>\n<\/ul>\n<ol start=\"8\">\n<li><strong>PROPIEDAD INTELECTUAL Y DERECHOS DE AUTOR:<\/strong><\/li>\n<\/ol>\n<ul>\n<li>Toda la informaci\u00f3n contenida en su dise\u00f1o gr\u00e1fico y el c\u00f3digo en lenguaje HTML, JAVA, JAVA Script o Active X, est\u00e1 protegida por derechos de autor u otros derechos de protecci\u00f3n de la propiedad intelectual.<\/li>\n<li>Estos derechos pertenecen exclusivamente a APLING o a sus licenciadores. Los usuarios de Internet que accedan a este WEB pueden visualizar la informaci\u00f3n contenida en el mismo y efectuar downloads o reproducciones privadas en su sistema inform\u00e1tico, siempre que los elementos reproducidos no sean cedidos posteriormente a terceros o se instalen en un servidor conectado a Internet o a una red local. No se permite, sin perjuicio de lo recogido en las presentes Condiciones Generales, la distribuci\u00f3n, modificaci\u00f3n, cesi\u00f3n, comunicaci\u00f3n p\u00fablica, reproducciones ni cualquier otro acto de parte o la totalidad de la informaci\u00f3n publicada sin autorizaci\u00f3n previa de APLING.<\/li>\n<li>El usuario, deber\u00e1 utilizar los contenidos e informaciones recogidos en\u00a0de forma diligente, correcta y l\u00edcita, y en concreto, \u00fanicamente para uso personal y no comercial, siempre y cuando no se elimine o modifique el contenido o cualquier menci\u00f3n de fuentes, copyright y dem\u00e1s datos identificativos de derechos de APLING o de terceros, es decir respetando su forma original. Cualquier reproducci\u00f3n o copia, distribuci\u00f3n o publicaci\u00f3n, de cualquier clase, del contenido de la informaci\u00f3n publicada en\u00a0<a href=\"http:\/\/www.apling.es\/\">www.soundlab.es<\/a>\u00a0sin autorizaci\u00f3n previa y por escrito de APLING queda prohibido. La autorizaci\u00f3n para la reproducci\u00f3n puede solicitarse a la direcci\u00f3n de correo electr\u00f3nico a p l i n g \u201carroba\u201d a p l i n g.es.<\/li>\n<li>En caso de que cualquier usuario o tercero considere que cualquiera de los contenidos existentes en\u00a0ha sido introducido en la misma con violaci\u00f3n de derechos de autor u otros derechos de protecci\u00f3n de la propiedad intelectual, rogamos comunique a APLING dicha circunstancia, remitiendo notificaci\u00f3n a la direcci\u00f3n de correo electr\u00f3nico a p l i n g \u201carroba\u201d a p l i n g.es, e incluyendo al menos, los siguientes extremos: a) Nombre, direcci\u00f3n, n\u00famero de tel\u00e9fono y direcci\u00f3n de e-mail del reclamante. b) Datos del titular de los derechos de autor u otros derechos de protecci\u00f3n de la propiedad intelectual que pudiesen haber sido infringidos. c) Indicaci\u00f3n de los contenidos infringidos y ubicaci\u00f3n en la p\u00e1gina\u00a0<a href=\"http:\/\/www.apling.es\/\">www.soundlab.es<\/a>. d) Declaraci\u00f3n de que la introducci\u00f3n de los contenidos ha sido introducida sin autorizaci\u00f3n expresa del titular de los derechos de autor u otros derechos de propiedad intelectual.<\/li>\n<li>Sin perjuicio de lo se\u00f1alado en los p\u00e1rrafos precedentes, APLING se reserva el derecho de defenderse contra reclamaciones fundadas en la normativa vigente sobre publicidad y de derechos de autor u otros derechos protejan la propiedad intelectual.<\/li>\n<\/ul>\n<ol start=\"9\">\n<li><strong>HIPERLINKS:<\/strong><\/li>\n<\/ol>\n<ul>\n<li>En el caso de que APLING se refiera mediante enlaces a publicidad o a p\u00e1ginas WEB de terceros, APLING no se obliga a controlar y no controla con car\u00e1cter previo, ni aprueba ni hace propios los servicios, contenidos, datos, archivos, productos y cualquier clase de material o informaci\u00f3n existente en la p\u00e1gina o p\u00e1ginas WEB de terceros, por lo que APLING no responder\u00e1, bajo ninguna circunstancia, de la legalidad de los contenidos de dicha\/ s p\u00e1gina\/ s, siendo responsabilidad exclusiva del tercero, a t\u00edtulo enunciativo y no limitativo, el respeto de la legalidad, las buenas costumbres, el orden p\u00fablico, los contenidos, as\u00ed como que aquellos no lesionen los derechos de terceros. La existencia de un hiperlink no presupone relaci\u00f3n de ninguna clase entre APLING y el propietario de la p\u00e1gina WEB en que el mismo se establezca.<\/li>\n<li>Aquellos usuarios o terceras personas que pretendan establecer un hiperlink con la p\u00e1gina deber\u00e1n garantizar que el hiperlink s\u00f3lo permite el acceso a las p\u00e1ginas o servicios de la p\u00e1gina <a href=\"http:\/\/www.apling.es\/\">www.soundlab.es<\/a>, pero no realiza, de forma enunciativa pero no limitativa, reproducci\u00f3n de contenidos, deep-links, browsers, manifestaciones inexactas o incorrectas, sobre los contenidos o la p\u00e1gina WEB de\u00a0<a href=\"http:\/\/www.apling.es\/\">www.soundlab.es<\/a>. Salvo aquellos signos que formen parte del hiperlink, el usuario garantizar\u00e1 que la p\u00e1gina WEB en la que se establezca el hiperlink no contendr\u00e1 marcas, nombres comerciales, r\u00f3tulos de establecimientos, denominaciones, logotipos, esl\u00f3ganes o cualquier tipo de signo distintivo perteneciente a APLING.<\/li>\n<\/ul>\n<ol start=\"10\">\n<li><strong>EXCLUSI\u00d3N DE GARANT\u00cdAS Y DE RESPONSABILIDAD<\/strong>:<\/li>\n<\/ol>\n<ul>\n<li>APLING no garantiza la fiabilidad, disponibilidad, o continuidad del funcionamiento de su p\u00e1gina WEB ni de los Productos y Servicios puestos a disposici\u00f3n del usuario, por lo que excluye cualquier responsabilidad por los da\u00f1os y\/o perjuicios de toda naturaleza que puedan deberse a la falta de disponibilidad, fiabilidad, o continuidad de su p\u00e1gina WEB o de sus servicios, aunque intentar\u00e1 facilitar, en la medida de sus posibilidades, ayuda t\u00e9cnica a la persona afectada.<\/li>\n<li>APLING no se obliga a controlar y no controla con car\u00e1cter previo, la ausencia de virus o elementos en los contenidos, que puedan producir alteraciones en el software o hardware de los usuarios o personas que visiten las p\u00e1ginas WEB, por lo que no responder\u00e1 de los da\u00f1os y perjuicios de cualquier naturaleza que pudieran derivarse de los mismos.<\/li>\n<\/ul>\n<ol start=\"11\">\n<li><strong>SALVAGUARDA DE LAS CONDICIONES GENERALES:<\/strong><\/li>\n<\/ol>\n<p>Si una de las estipulaciones de las presentes Condiciones Generales fuera declarada nula o inoperante, el resto de las Condiciones Generales se mantendr\u00e1n vigentes.<\/p>\n<ol start=\"12\">\n<li><strong>ERRORES TIPOGR\u00c1FICOS:<\/strong><\/li>\n<\/ol>\n<p>APLING hace todos los esfuerzos necesarios dentro de sus medios para ofrecer la informaci\u00f3n contenida en el WEB site de forma veraz y sin errores tipogr\u00e1ficos. En el caso que en alg\u00fan momento se produjera alg\u00fan error de este tipo, ajeno en todo momento a la voluntad de APLING se proceder\u00eda inmediatamente a su correcci\u00f3n. De existir un error tipogr\u00e1fico en alguno de los precios mostrados y alg\u00fan Cliente hubiera tomado la decisi\u00f3n de adquirir los Productos y Servicios bas\u00e1ndose en dicho error APLING se lo comunicar\u00e1 al Cliente y \u00e9ste tendr\u00e1 derecho a rescindir sus servicios sin ning\u00fan coste por su parte.<\/p>\n<ol start=\"13\">\n<li><strong>ACEPTACI\u00d3N DE LAS CONDICIONES GENERALES:<\/strong><\/li>\n<\/ol>\n<p>La inscripci\u00f3n del usuario como cliente de APLING implica el conocimiento y aceptaci\u00f3n expresa de las presentes Condiciones Generales. La contrataci\u00f3n de un Producto o Servicio concreto ofertado por los proveedores de servicios que figuran en APLING implica la aceptaci\u00f3n expl\u00edcita de las Condiciones Generales.<\/p>\n<ol start=\"14\">\n<li><strong>LEY APLICABLE Y JURISDICCI\u00d3N COMPETENTE:<\/strong><\/li>\n<\/ol>\n<p>Estas Condiciones Generales se rigen por la Ley Espa\u00f1ola. Cualquier controversia que pudiera surgir, con respecto a su validez, ejecuci\u00f3n, cumplimiento o resoluci\u00f3n, total o parcial, ser\u00e1 sometida por las partes, con renuncia expresa a sus propios fuero (o a cualquier otro que, en su caso, pudiera corresponderles), a la competencia de los Juzgados y Tribunales de Barcelona.<\/p>\n<p>Para no recibir informaci\u00f3n sobre sus productos y servicios ni de otras entidades, marque la casilla correspondiente en el formulario.<\/p>\n<p>En aquellos casos donde para realizar una solicitud sea necesario cumplimentar un formulario y hacer un \u00abclic\u00bb en el bot\u00f3n de enviar, la realizaci\u00f3n del mismo implicar\u00e1 necesariamente que ha sido informado y ha otorgado expresamente su consentimiento al contenido de la cl\u00e1usula anexada a dicho formulario.<\/p>\n","protected":false},"excerpt":{"rendered":"<p>www.soundlab.es\u00a0es un dominio de Internet registrado por APLING AC\u00daSTICA E INSONORIZACION S.L. (en adelante APLING), N.I.F. B-60413499, inscrita en el Reg. Mercantil de Barcelona, Tomo 3162, Folio 0188, Hoja 209026, con domicilio administrativo en la C \/ Loreto 17 Local G C.P. 08029, Barcelona. La utilizaci\u00f3n por el usuario de los servicios contenidos en la [&hellip;]<\/p>\n","protected":false},"author":1,"featured_media":0,"parent":0,"menu_order":0,"comment_status":"closed","ping_status":"closed","template":"","meta":{"_et_pb_use_builder":"","_et_pb_old_content":"","_et_gb_content_width":""},"_links":{"self":[{"href":"https:\/\/www.soundlab.es\/index.php\/wp-json\/wp\/v2\/pages\/261"}],"collection":[{"href":"https:\/\/www.soundlab.es\/index.php\/wp-json\/wp\/v2\/pages"}],"about":[{"href":"https:\/\/www.soundlab.es\/index.php\/wp-json\/wp\/v2\/types\/page"}],"author":[{"embeddable":true,"href":"https:\/\/www.soundlab.es\/index.php\/wp-json\/wp\/v2\/users\/1"}],"replies":[{"embeddable":true,"href":"https:\/\/www.soundlab.es\/index.php\/wp-json\/wp\/v2\/comments?post=261"}],"version-history":[{"count":4,"href":"https:\/\/www.soundlab.es\/index.php\/wp-json\/wp\/v2\/pages\/261\/revisions"}],"predecessor-version":[{"id":265,"href":"https:\/\/www.soundlab.es\/index.php\/wp-json\/wp\/v2\/pages\/261\/revisions\/265"}],"wp:attachment":[{"href":"https:\/\/www.soundlab.es\/index.php\/wp-json\/wp\/v2\/media?parent=261"}],"curies":[{"name":"wp","href":"https:\/\/api.w.org\/{rel}","templated":true}]}}