{"id":198,"date":"2021-02-11T10:54:30","date_gmt":"2021-02-11T10:54:30","guid":{"rendered":"https:\/\/www.soundlab.es\/?page_id=198"},"modified":"2021-02-18T09:17:06","modified_gmt":"2021-02-18T09:17:06","slug":"ingenieria-acustica","status":"publish","type":"page","link":"https:\/\/www.soundlab.es\/index.php\/ingenieria-acustica\/","title":{"rendered":"Ingenier\u00eda Ac\u00fastica"},"content":{"rendered":"<p>[et_pb_section fb_built=\u00bb1&#8243; _builder_version=\u00bb4.8.2&#8243; _module_preset=\u00bbdefault\u00bb locked=\u00bboff\u00bb][et_pb_row column_structure=\u00bb3_5,2_5&#8243; _builder_version=\u00bb4.8.2&#8243; _module_preset=\u00bbdefault\u00bb][et_pb_column type=\u00bb3_5&#8243; _builder_version=\u00bb4.8.2&#8243; _module_preset=\u00bbdefault\u00bb][et_pb_text _builder_version=\u00bb4.8.2&#8243; text_font=\u00bb||||||||\u00bb header_font=\u00bb||||||||\u00bb header_2_font=\u00bbPoppins|600|||||||\u00bb header_2_text_color=\u00bb#303030&#8243; header_2_font_size=\u00bb42px\u00bb header_2_line_height=\u00bb1.4em\u00bb header_4_font=\u00bbPoppins|600||on|||||\u00bb header_4_text_color=\u00bb#a0a6b0&#8243; header_4_letter_spacing=\u00bb4px\u00bb header_4_line_height=\u00bb1.8em\u00bb custom_margin=\u00bb||10px\u00bb animation_direction=\u00bbleft\u00bb header_2_font_size_tablet=\u00bb30px\u00bb header_2_font_size_phone=\u00bb25px\u00bb header_2_font_size_last_edited=\u00bbon|phone\u00bb header_4_font_size_tablet=\u00bb\u00bb header_4_font_size_phone=\u00bb12px\u00bb header_4_font_size_last_edited=\u00bbon|phone\u00bb locked=\u00bboff\u00bb]<\/p>\n<h4>SERVICIOS<\/h4>\n<h2>Ingenier\u00eda Ac\u00fastica<\/h2>\n<p>[\/et_pb_text][et_pb_divider divider_position=\u00bbcenter\u00bb divider_weight=\u00bb3px\u00bb _builder_version=\u00bb4.8.2&#8243; max_width=\u00bb80px\u00bb height=\u00bb3px\u00bb animation_direction=\u00bbleft\u00bb locked=\u00bboff\u00bb][\/et_pb_divider][et_pb_text _builder_version=\u00bb4.8.2&#8243; text_font=\u00bb||||||||\u00bb text_font_size=\u00bb16px\u00bb text_line_height=\u00bb2em\u00bb custom_margin=\u00bb||40px\u00bb animation_direction=\u00bbleft\u00bb text_font_size_tablet=\u00bb14px\u00bb text_font_size_phone=\u00bb\u00bb text_font_size_last_edited=\u00bbon|tablet\u00bb locked=\u00bboff\u00bb]<\/p>\n<p>El trabajo, en ocasiones, no se termina con la realizaci\u00f3n de las mediciones ac\u00fasticas. En el an\u00e1lisis detallado de los resultados obtenidos est\u00e1 la clave para obtener la soluci\u00f3n \u00f3ptima a los problemas ac\u00fasticos.<\/p>\n<p>[\/et_pb_text][et_pb_image src=\u00bbhttps:\/\/www.soundlab.es\/wp-content\/uploads\/2021\/02\/apling_logo2.png\u00bb title_text=\u00bbapling_logo2&#8243; _builder_version=\u00bb4.8.2&#8243; _module_preset=\u00bbdefault\u00bb][\/et_pb_image][et_pb_text _builder_version=\u00bb4.8.2&#8243; text_font=\u00bb||||||||\u00bb text_font_size=\u00bb16px\u00bb text_line_height=\u00bb2em\u00bb custom_margin=\u00bb||40px\u00bb animation_direction=\u00bbleft\u00bb text_font_size_tablet=\u00bb14px\u00bb text_font_size_phone=\u00bb\u00bb text_font_size_last_edited=\u00bbon|tablet\u00bb locked=\u00bboff\u00bb]<\/p>\n<p><a href=\"http:\/\/www.apling.es\/\"><strong>APLING<\/strong><\/a>\u00a0pone a su disposici\u00f3n el departamento de ingenier\u00eda para desarrollar proyectos a medida de cada situaci\u00f3n, complementarios a las mediciones ac\u00fasticas de SOUNDLAB, con el fin de obtener resultados que se ajusten a sus necesidades.<\/p>\n<p>[\/et_pb_text][\/et_pb_column][et_pb_column type=\u00bb2_5&#8243; _builder_version=\u00bb4.8.2&#8243; _module_preset=\u00bbdefault\u00bb][et_pb_image src=\u00bbhttps:\/\/www.soundlab.es\/wp-content\/uploads\/2021\/02\/barreraaplingfarmaceutica-scaled.jpg\u00bb title_text=\u00bbbarreraaplingfarmaceutica\u00bb _builder_version=\u00bb4.8.2&#8243; _module_preset=\u00bbdefault\u00bb hover_enabled=\u00bb0&#8243; sticky_enabled=\u00bb0&#8243;][\/et_pb_image][et_pb_image src=\u00bbhttps:\/\/www.soundlab.es\/wp-content\/uploads\/2021\/02\/22@-scaled.jpg\u00bb title_text=\u00bb22@\u00bb _builder_version=\u00bb4.8.2&#8243; _module_preset=\u00bbdefault\u00bb hover_enabled=\u00bb0&#8243; sticky_enabled=\u00bb0&#8243;][\/et_pb_image][\/et_pb_column][\/et_pb_row][\/et_pb_section][et_pb_section fb_built=\u00bb1&#8243; _builder_version=\u00bb4.8.2&#8243; _module_preset=\u00bbdefault\u00bb background_color=\u00bb#f7f7f9&#8243;][et_pb_row column_structure=\u00bb2_5,3_5&#8243; _builder_version=\u00bb4.8.2&#8243; _module_preset=\u00bbdefault\u00bb width=\u00bb90%\u00bb][et_pb_column type=\u00bb2_5&#8243; _builder_version=\u00bb4.8.2&#8243; _module_preset=\u00bbdefault\u00bb][et_pb_image src=\u00bbhttps:\/\/www.soundlab.es\/wp-content\/uploads\/2021\/02\/torregrosa-3.jpg\u00bb title_text=\u00bbtorregrosa 3&#8243; _builder_version=\u00bb4.8.2&#8243; _module_preset=\u00bbdefault\u00bb hover_enabled=\u00bb0&#8243; sticky_enabled=\u00bb0&#8243;][\/et_pb_image][et_pb_image src=\u00bbhttps:\/\/www.soundlab.es\/wp-content\/uploads\/2021\/02\/silenciadorbcnapling-scaled.jpg\u00bb title_text=\u00bbsilenciadorbcnapling\u00bb _builder_version=\u00bb4.8.2&#8243; _module_preset=\u00bbdefault\u00bb hover_enabled=\u00bb0&#8243; sticky_enabled=\u00bb0&#8243;][\/et_pb_image][\/et_pb_column][et_pb_column type=\u00bb3_5&#8243; _builder_version=\u00bb4.8.2&#8243; _module_preset=\u00bbdefault\u00bb][et_pb_text _builder_version=\u00bb4.8.2&#8243; text_font=\u00bb||||||||\u00bb text_line_height=\u00bb2em\u00bb custom_margin=\u00bb||40px\u00bb custom_margin_tablet=\u00bb\u00bb custom_margin_phone=\u00bb|20px|40px|20px|false|true\u00bb custom_margin_last_edited=\u00bbon|phone\u00bb animation_direction=\u00bbleft\u00bb text_font_size_tablet=\u00bb14px\u00bb text_font_size_phone=\u00bb\u00bb text_font_size_last_edited=\u00bbon|tablet\u00bb locked=\u00bboff\u00bb]<\/p>\n<p><strong>Proyecto de Medidas Correctoras Ac\u00fasticas (PMCA)<\/strong><\/p>\n<p>El PMCA consiste en el estudio detallado de las soluciones ac\u00fasticas y los materiales necesarios para implementarlas.<\/p>\n<p>El PMCA comprende la determinaci\u00f3n y especificaci\u00f3n de la soluci\u00f3n, los materiales a usar, croquis, hojas t\u00e9cnicas, planos de montaje, justificaci\u00f3n, c\u00e1lculos ac\u00fasticos y presupuesto de las medidas correctoras necesarias.<\/p>\n<p><strong>Proyecto de aislamiento ac\u00fastico:<\/strong>\u00a0se centra en el conjunto de soluciones constructivas encaminadas a la obtenci\u00f3n de una correcta atenuaci\u00f3n de la transmisi\u00f3n de ruido a\u00e9reo, de impactos y\/o vibraciones.<\/p>\n<p><strong>Proyecto de acondicionamiento ac\u00fastico:<\/strong>\u00a0se basa en el estudio y definici\u00f3n de los materiales y acabados interiores con el objetivo de alcanzar las condiciones de confort ac\u00fastico m\u00e1s adecuadas al tipo de actividad a desarrollar.<\/p>\n<p><strong>Proyecto de control del ruido:<\/strong>\u00a0se centra en el conjunto de acciones encaminadas a reducir la transmisi\u00f3n de ruido a\u00e9reo, de impactos y\/o vibraciones de los elementos din\u00e1micos (maquinaria, instalaciones\u2026).<\/p>\n<p><strong>Suministro y Montaje<\/strong><\/p>\n<p><a href=\"http:\/\/www.apling.es\/\">APLING<\/a>\u00a0ofrece un servicio de \u00abllaves en mano\u00bb para que el cliente final se despreocupe totalmente de todo el proceso de instalaci\u00f3n y ejecuci\u00f3n de obra. En caso de llevar a cabo el suministro y montaje del PMCA,\u00a0<a href=\"http:\/\/www.apling.es\/\">APLING<\/a>\u00a0se compromete a cumplir con los objetivos descritos, realizando una medici\u00f3n de comprobaci\u00f3n al finalizar la obra, la cual certificar\u00e1 ante los organismos competentes el cumplimiento de la legislaci\u00f3n y ordenanzas vigentes.<\/p>\n<p>[\/et_pb_text][\/et_pb_column][\/et_pb_row][\/et_pb_section]<\/p>\n","protected":false},"excerpt":{"rendered":"<p>[et_pb_section fb_built=\u00bb1&#8243; _builder_version=\u00bb4.8.2&#8243; _module_preset=\u00bbdefault\u00bb locked=\u00bboff\u00bb][et_pb_row column_structure=\u00bb3_5,2_5&#8243; _builder_version=\u00bb4.8.2&#8243; _module_preset=\u00bbdefault\u00bb][et_pb_column type=\u00bb3_5&#8243; _builder_version=\u00bb4.8.2&#8243; _module_preset=\u00bbdefault\u00bb][et_pb_text _builder_version=\u00bb4.8.2&#8243; text_font=\u00bb||||||||\u00bb header_font=\u00bb||||||||\u00bb header_2_font=\u00bbPoppins|600|||||||\u00bb header_2_text_color=\u00bb#303030&#8243; header_2_font_size=\u00bb42px\u00bb header_2_line_height=\u00bb1.4em\u00bb header_4_font=\u00bbPoppins|600||on|||||\u00bb header_4_text_color=\u00bb#a0a6b0&#8243; header_4_letter_spacing=\u00bb4px\u00bb header_4_line_height=\u00bb1.8em\u00bb custom_margin=\u00bb||10px\u00bb animation_direction=\u00bbleft\u00bb header_2_font_size_tablet=\u00bb30px\u00bb header_2_font_size_phone=\u00bb25px\u00bb header_2_font_size_last_edited=\u00bbon|phone\u00bb header_4_font_size_tablet=\u00bb\u00bb header_4_font_size_phone=\u00bb12px\u00bb header_4_font_size_last_edited=\u00bbon|phone\u00bb locked=\u00bboff\u00bb] SERVICIOS Ingenier\u00eda Ac\u00fastica [\/et_pb_text][et_pb_divider divider_position=\u00bbcenter\u00bb divider_weight=\u00bb3px\u00bb _builder_version=\u00bb4.8.2&#8243; max_width=\u00bb80px\u00bb height=\u00bb3px\u00bb animation_direction=\u00bbleft\u00bb locked=\u00bboff\u00bb][\/et_pb_divider][et_pb_text _builder_version=\u00bb4.8.2&#8243; text_font=\u00bb||||||||\u00bb text_font_size=\u00bb16px\u00bb text_line_height=\u00bb2em\u00bb custom_margin=\u00bb||40px\u00bb animation_direction=\u00bbleft\u00bb text_font_size_tablet=\u00bb14px\u00bb text_font_size_phone=\u00bb\u00bb text_font_size_last_edited=\u00bbon|tablet\u00bb locked=\u00bboff\u00bb] El trabajo, en [&hellip;]<\/p>\n","protected":false},"author":1,"featured_media":0,"parent":0,"menu_order":0,"comment_status":"closed","ping_status":"closed","template":"","meta":{"_et_pb_use_builder":"on","_et_pb_old_content":"","_et_gb_content_width":""},"_links":{"self":[{"href":"https:\/\/www.soundlab.es\/index.php\/wp-json\/wp\/v2\/pages\/198"}],"collection":[{"href":"https:\/\/www.soundlab.es\/index.php\/wp-json\/wp\/v2\/pages"}],"about":[{"href":"https:\/\/www.soundlab.es\/index.php\/wp-json\/wp\/v2\/types\/page"}],"author":[{"embeddable":true,"href":"https:\/\/www.soundlab.es\/index.php\/wp-json\/wp\/v2\/users\/1"}],"replies":[{"embeddable":true,"href":"https:\/\/www.soundlab.es\/index.php\/wp-json\/wp\/v2\/comments?post=198"}],"version-history":[{"count":5,"href":"https:\/\/www.soundlab.es\/index.php\/wp-json\/wp\/v2\/pages\/198\/revisions"}],"predecessor-version":[{"id":855,"href":"https:\/\/www.soundlab.es\/index.php\/wp-json\/wp\/v2\/pages\/198\/revisions\/855"}],"wp:attachment":[{"href":"https:\/\/www.soundlab.es\/index.php\/wp-json\/wp\/v2\/media?parent=198"}],"curies":[{"name":"wp","href":"https:\/\/api.w.org\/{rel}","templated":true}]}}